{"id":17640,"date":"2026-02-16T15:52:48","date_gmt":"2026-02-16T14:52:48","guid":{"rendered":"https:\/\/www.jimani.online\/systeme-de-caisse-pour-la-restauration\/"},"modified":"2026-04-15T11:30:29","modified_gmt":"2026-04-15T10:30:29","slug":"systeme-de-caisse-pour-la-restauration","status":"publish","type":"page","link":"https:\/\/www.jimani.online\/fr\/systeme-de-caisse-pour-la-restauration\/","title":{"rendered":"Syst\u00e8me de caisse pour la restauration"},"content":{"rendered":"<p data-start=\"539\" data-end=\"827\">De nombreux syst\u00e8mes de caisse pour la restauration se ressemblent. Ils enregistrent les commandes et traitent les paiements, et cela s\u2019arr\u00eate souvent l\u00e0. Les r\u00e9servations fonctionnent g\u00e9n\u00e9ralement comme un module s\u00e9par\u00e9 ou une int\u00e9gration externe, alors qu\u2019elles devraient justement \u00eatre au c\u0153ur d\u2019un syst\u00e8me de caisse moderne pour la restauration.<\/p>\n<p data-start=\"829\" data-end=\"1150\">Jimani a \u00e9t\u00e9 d\u00e9velopp\u00e9 d\u00e8s le d\u00e9part comme une plateforme de r\u00e9servation. \u00c0 partir de cette vision, nous avons construit notre propre syst\u00e8me de caisse pour la restauration.<br \/>\nCe n\u2019est pas une caisse horeca traditionnelle avec une int\u00e9gration suppl\u00e9mentaire, mais un syst\u00e8me POS central pour la restauration o\u00f9 les r\u00e9servations, la gestion des tables, les commandes et les paiements sont enti\u00e8rement r\u00e9unis dans un seul syst\u00e8me.<\/p>\n<p data-start=\"1152\" data-end=\"1468\">Lorsqu\u2019un client effectue une r\u00e9servation, toutes les informations sont imm\u00e9diatement disponibles dans la caisse. \u00c0 son arriv\u00e9e, vous enregistrez la table, ouvrez l\u2019addition et voyez en un coup d\u2019\u0153il les informations du client, ses pr\u00e9f\u00e9rences et ses visites pr\u00e9c\u00e9dentes. Votre \u00e9quipe travaille depuis un seul \u00e9cran clair avec une vue en temps r\u00e9el de la disposition des tables, de l\u2019occupation et du chiffre d\u2019affaires.<\/p>\n<p data-start=\"1470\" data-end=\"1707\">Les commandes sont trait\u00e9es imm\u00e9diatement et les paiements sont automatiquement li\u00e9s \u00e0 la bonne table ou \u00e0 la bonne r\u00e9servation. Toutes les donn\u00e9es restent centralis\u00e9es dans le m\u00eame syst\u00e8me de caisse pour la restauration, ce qui vous permet de travailler plus rapidement et d\u2019\u00e9viter les erreurs.<\/p>\n<p data-start=\"1709\" data-end=\"1982\">Jimani n\u2019est pas une caisse avec une int\u00e9gration de r\u00e9servation, mais une plateforme de r\u00e9servation avec une caisse horeca int\u00e9gr\u00e9e. Cette diff\u00e9rence se refl\u00e8te dans la clart\u00e9, l\u2019exp\u00e9rience client et le contr\u00f4le maximal sur votre occupation. Un seul syst\u00e8me qui correspond r\u00e9ellement \u00e0 la mani\u00e8re dont la restauration moderne fonctionne.<\/p>\n","protected":false},"excerpt":{"rendered":"<p>De nombreux syst\u00e8mes de caisse pour la restauration se ressemblent. Ils enregistrent les commandes et traitent les paiements, et cela s\u2019arr\u00eate souvent l\u00e0. Les r\u00e9servations fonctionnent g\u00e9n\u00e9ralement comme un module s\u00e9par\u00e9 ou une int\u00e9gration externe, alors qu\u2019elles devraient justement \u00eatre au c\u0153ur d\u2019un syst\u00e8me de caisse moderne pour la restauration. Jimani a \u00e9t\u00e9 d\u00e9velopp\u00e9 d\u00e8s [&hellip;]<\/p>\n","protected":false},"author":12,"featured_media":16403,"parent":0,"menu_order":0,"comment_status":"closed","ping_status":"closed","template":"","meta":{"_acf_changed":false,"footnotes":""},"class_list":["post-17640","page","type-page","status-publish","has-post-thumbnail","hentry"],"acf":[],"_links":{"self":[{"href":"https:\/\/www.jimani.online\/fr\/wp-json\/wp\/v2\/pages\/17640","targetHints":{"allow":["GET"]}}],"collection":[{"href":"https:\/\/www.jimani.online\/fr\/wp-json\/wp\/v2\/pages"}],"about":[{"href":"https:\/\/www.jimani.online\/fr\/wp-json\/wp\/v2\/types\/page"}],"author":[{"embeddable":true,"href":"https:\/\/www.jimani.online\/fr\/wp-json\/wp\/v2\/users\/12"}],"replies":[{"embeddable":true,"href":"https:\/\/www.jimani.online\/fr\/wp-json\/wp\/v2\/comments?post=17640"}],"version-history":[{"count":5,"href":"https:\/\/www.jimani.online\/fr\/wp-json\/wp\/v2\/pages\/17640\/revisions"}],"predecessor-version":[{"id":29737,"href":"https:\/\/www.jimani.online\/fr\/wp-json\/wp\/v2\/pages\/17640\/revisions\/29737"}],"wp:featuredmedia":[{"embeddable":true,"href":"https:\/\/www.jimani.online\/fr\/wp-json\/wp\/v2\/media\/16403"}],"wp:attachment":[{"href":"https:\/\/www.jimani.online\/fr\/wp-json\/wp\/v2\/media?parent=17640"}],"curies":[{"name":"wp","href":"https:\/\/api.w.org\/{rel}","templated":true}]}}