{"id":19232,"date":"2026-02-12T16:37:20","date_gmt":"2026-02-12T15:37:20","guid":{"rendered":"https:\/\/www.jimani.online\/des-systemes-pos-et-caisses-physiques-aux-ventes-en-ligne-et-bornes-de-commande-tout-est-intelligemment-connecte-dans-une-solution-de-caisse-puissante-ou-les-reservations-sont-au-coeur-du-systeme\/"},"modified":"2026-04-03T14:52:33","modified_gmt":"2026-04-03T13:52:33","slug":"systeme-de-caisse-tout-en-un-ou-les-reservations-et-le-chiffre-daffaires-se-rejoignent","status":"publish","type":"page","link":"https:\/\/www.jimani.online\/fr\/systeme-de-caisse-tout-en-un-ou-les-reservations-et-le-chiffre-daffaires-se-rejoignent\/","title":{"rendered":"Syst\u00e8me de caisse tout-en-un o\u00f9 les r\u00e9servations et le chiffre d&rsquo;affaires se rejoignent."},"content":{"rendered":"","protected":false},"excerpt":{"rendered":"","protected":false},"author":12,"featured_media":0,"parent":0,"menu_order":0,"comment_status":"closed","ping_status":"closed","template":"widget_page.php","meta":{"_acf_changed":false,"footnotes":""},"class_list":["post-19232","page","type-page","status-publish","hentry"],"acf":[],"_links":{"self":[{"href":"https:\/\/www.jimani.online\/fr\/wp-json\/wp\/v2\/pages\/19232","targetHints":{"allow":["GET"]}}],"collection":[{"href":"https:\/\/www.jimani.online\/fr\/wp-json\/wp\/v2\/pages"}],"about":[{"href":"https:\/\/www.jimani.online\/fr\/wp-json\/wp\/v2\/types\/page"}],"author":[{"embeddable":true,"href":"https:\/\/www.jimani.online\/fr\/wp-json\/wp\/v2\/users\/12"}],"replies":[{"embeddable":true,"href":"https:\/\/www.jimani.online\/fr\/wp-json\/wp\/v2\/comments?post=19232"}],"version-history":[{"count":4,"href":"https:\/\/www.jimani.online\/fr\/wp-json\/wp\/v2\/pages\/19232\/revisions"}],"predecessor-version":[{"id":29152,"href":"https:\/\/www.jimani.online\/fr\/wp-json\/wp\/v2\/pages\/19232\/revisions\/29152"}],"wp:attachment":[{"href":"https:\/\/www.jimani.online\/fr\/wp-json\/wp\/v2\/media?parent=19232"}],"curies":[{"name":"wp","href":"https:\/\/api.w.org\/{rel}","templated":true}]}}