{"id":9110,"date":"2025-05-31T10:43:58","date_gmt":"2025-05-31T09:43:58","guid":{"rendered":"https:\/\/www.jimani.online\/solutions-pour-les-parcs-de-vacances\/"},"modified":"2026-04-15T10:42:17","modified_gmt":"2026-04-15T09:42:17","slug":"solutions-pour-les-parcs-de-vacances","status":"publish","type":"page","link":"https:\/\/www.jimani.online\/fr\/solutions-pour-les-parcs-de-vacances\/","title":{"rendered":"Solutions pour les parcs de vacances"},"content":{"rendered":"<p>Jimani est le syst\u00e8me de r\u00e9servation tout-en-un pour les parcs de vacances. Avec Jimani, vous r\u00e9servez et g\u00e9rez toutes les locations d&rsquo;h\u00e9bergement, les locations d&rsquo;activit\u00e9s, les r\u00e9servations de tables, la location de v\u00e9los et les r\u00e9servations de bien-\u00eatre \u00e0 partir d&rsquo;un seul syst\u00e8me central. Les clients r\u00e9servent facilement via votre site web, votre application ou votre code QR, tandis que vous gardez le contr\u00f4le total de la planification, de la capacit\u00e9 et du chiffre d&rsquo;affaires.<\/p>\n<p>Notre solution est sp\u00e9cialement con\u00e7ue pour les parcs de vacances, les complexes h\u00f4teliers et les entreprises de loisirs qui souhaitent am\u00e9liorer l&rsquo;exp\u00e9rience de leurs clients et augmenter, mesurer et ajuster leur chiffre d&rsquo;affaires par client.<\/p>\n<p>Entre autres, ces parcs vous ont pr\u00e9c\u00e9d\u00e9 :<\/p>\n<p><img loading=\"lazy\" decoding=\"async\" class=\"alignnone wp-image-7650\" src=\"https:\/\/www.jimani.online\/wp-content\/uploads\/2025\/12\/Park-logos-1000x295.png\" alt=\"\" width=\"959\" height=\"283\" srcset=\"https:\/\/www.jimani.online\/wp-content\/uploads\/2025\/12\/Park-logos-1000x295.png 1000w, https:\/\/www.jimani.online\/wp-content\/uploads\/2025\/12\/Park-logos-300x89.png 300w, https:\/\/www.jimani.online\/wp-content\/uploads\/2025\/12\/Park-logos.png 1693w\" sizes=\"auto, (max-width: 959px) 100vw, 959px\" \/><\/p>\n","protected":false},"excerpt":{"rendered":"<p>Jimani est le syst\u00e8me de r\u00e9servation tout-en-un pour les parcs de vacances. Avec Jimani, vous r\u00e9servez et g\u00e9rez toutes les locations d&rsquo;h\u00e9bergement, les locations d&rsquo;activit\u00e9s, les r\u00e9servations de tables, la location de v\u00e9los et les r\u00e9servations de bien-\u00eatre \u00e0 partir d&rsquo;un seul syst\u00e8me central. Les clients r\u00e9servent facilement via votre site web, votre application ou [&hellip;]<\/p>\n","protected":false},"author":1,"featured_media":10906,"parent":0,"menu_order":0,"comment_status":"closed","ping_status":"closed","template":"","meta":{"_acf_changed":false,"footnotes":""},"class_list":["post-9110","page","type-page","status-publish","has-post-thumbnail","hentry"],"acf":[],"_links":{"self":[{"href":"https:\/\/www.jimani.online\/fr\/wp-json\/wp\/v2\/pages\/9110","targetHints":{"allow":["GET"]}}],"collection":[{"href":"https:\/\/www.jimani.online\/fr\/wp-json\/wp\/v2\/pages"}],"about":[{"href":"https:\/\/www.jimani.online\/fr\/wp-json\/wp\/v2\/types\/page"}],"author":[{"embeddable":true,"href":"https:\/\/www.jimani.online\/fr\/wp-json\/wp\/v2\/users\/1"}],"replies":[{"embeddable":true,"href":"https:\/\/www.jimani.online\/fr\/wp-json\/wp\/v2\/comments?post=9110"}],"version-history":[{"count":5,"href":"https:\/\/www.jimani.online\/fr\/wp-json\/wp\/v2\/pages\/9110\/revisions"}],"predecessor-version":[{"id":29720,"href":"https:\/\/www.jimani.online\/fr\/wp-json\/wp\/v2\/pages\/9110\/revisions\/29720"}],"wp:featuredmedia":[{"embeddable":true,"href":"https:\/\/www.jimani.online\/fr\/wp-json\/wp\/v2\/media\/10906"}],"wp:attachment":[{"href":"https:\/\/www.jimani.online\/fr\/wp-json\/wp\/v2\/media?parent=9110"}],"curies":[{"name":"wp","href":"https:\/\/api.w.org\/{rel}","templated":true}]}}