{"id":14509,"date":"2025-08-25T07:58:35","date_gmt":"2025-08-25T06:58:35","guid":{"rendered":"https:\/\/www.jimani.online\/sistema-de-reservas-tudo-em-um\/"},"modified":"2026-03-10T12:12:53","modified_gmt":"2026-03-10T11:12:53","slug":"sistema-de-reservas-tudo-em-um","status":"publish","type":"page","link":"https:\/\/www.jimani.online\/pt-pt\/sistema-de-reservas-tudo-em-um\/","title":{"rendered":"Sistema de reservas tudo-em-um"},"content":{"rendered":"<p>A Jimani come\u00e7ou como um sistema inovador de reservas para o setor da restaura\u00e7\u00e3o, mas evoluiu para uma plataforma tudo-em-um para pequenas e m\u00e9dias empresas em diversos setores. De restaurantes a sal\u00f5es de beleza, de empresas de aluguer a lojas online e locais de eventos: com a Jimani pode gerir n\u00e3o apenas as suas reservas online, mas tamb\u00e9m vendas, marketing e rela\u00e7\u00f5es com clientes. <\/p>\n<p>O que torna a Jimani \u00fanica \u00e9 a sua integra\u00e7\u00e3o inteligente. Pode ligar facilmente o seu sistema de ponto de venda (POS), loja online ou sistema de bilh\u00e9tica, e criar novas fontes de receita com produtos adicionais e oportunidades de upsell. Assim, n\u00e3o s\u00f3 tira mais proveito das suas reservas, como tamb\u00e9m oferece aos seus clientes uma experi\u00eancia completa que corresponde perfeitamente \u00e0s suas expectativas.  <\/p>\n<p>Quer esteja a preencher mesas no seu restaurante, a vender pacotes no seu sal\u00e3o ou a oferecer bilhetes para um evento, a Jimani fornece dados em tempo real, m\u00e1xima flexibilidade e uma aplica\u00e7\u00e3o f\u00e1cil de usar que apoia todo o seu neg\u00f3cio. Uma \u00fanica plataforma, possibilidades ilimitadas. <\/p>\n<p><strong>Comece hoje mesmo com o Jimani e experimente como pode ser simples gerir um neg\u00f3cio.<\/strong><\/p>\n","protected":false},"excerpt":{"rendered":"<p>A Jimani come\u00e7ou como um sistema inovador de reservas para o setor da restaura\u00e7\u00e3o, mas evoluiu para uma plataforma tudo-em-um para pequenas e m\u00e9dias empresas em diversos setores. De restaurantes a sal\u00f5es de beleza, de empresas de aluguer a lojas online e locais de eventos: com a Jimani pode gerir n\u00e3o apenas as suas reservas [&hellip;]<\/p>\n","protected":false},"author":8,"featured_media":14270,"parent":0,"menu_order":0,"comment_status":"closed","ping_status":"closed","template":"full_width.php","meta":{"_acf_changed":false,"footnotes":""},"class_list":["post-14509","page","type-page","status-publish","has-post-thumbnail","hentry"],"acf":[],"_links":{"self":[{"href":"https:\/\/www.jimani.online\/pt-pt\/wp-json\/wp\/v2\/pages\/14509","targetHints":{"allow":["GET"]}}],"collection":[{"href":"https:\/\/www.jimani.online\/pt-pt\/wp-json\/wp\/v2\/pages"}],"about":[{"href":"https:\/\/www.jimani.online\/pt-pt\/wp-json\/wp\/v2\/types\/page"}],"author":[{"embeddable":true,"href":"https:\/\/www.jimani.online\/pt-pt\/wp-json\/wp\/v2\/users\/8"}],"replies":[{"embeddable":true,"href":"https:\/\/www.jimani.online\/pt-pt\/wp-json\/wp\/v2\/comments?post=14509"}],"version-history":[{"count":2,"href":"https:\/\/www.jimani.online\/pt-pt\/wp-json\/wp\/v2\/pages\/14509\/revisions"}],"predecessor-version":[{"id":17593,"href":"https:\/\/www.jimani.online\/pt-pt\/wp-json\/wp\/v2\/pages\/14509\/revisions\/17593"}],"wp:featuredmedia":[{"embeddable":true,"href":"https:\/\/www.jimani.online\/pt-pt\/wp-json\/wp\/v2\/media\/14270"}],"wp:attachment":[{"href":"https:\/\/www.jimani.online\/pt-pt\/wp-json\/wp\/v2\/media?parent=14509"}],"curies":[{"name":"wp","href":"https:\/\/api.w.org\/{rel}","templated":true}]}}